{"id":198,"date":"2020-12-17T00:52:18","date_gmt":"2020-12-17T00:52:18","guid":{"rendered":"https:\/\/www.accessibilitychecker.org\/\/?page_id=198"},"modified":"2025-08-26T11:37:02","modified_gmt":"2025-08-26T11:37:02","slug":"accessibility-statement","status":"publish","type":"page","link":"https:\/\/www.accessibilitychecker.org\/de\/accessibility-statement\/","title":{"rendered":"Accessibility Statement"},"content":{"rendered":"<div class=\"error__section active\">\n<div class=\"error__content-clear\">\n<h1><span style=\"font-weight: 400;\">AccessibilityChecker.org-Erkl\u00e4rung zur Barrierefreiheit<\/span><\/h1>\n<p><b>Aktualisiert: Dezember 2024<\/b><\/p>\n<h3><b>Unser Engagement f\u00fcr Barrierefreiheit<\/b><\/h3>\n<p><span style=\"font-weight: 400;\">Bei AccessibilityChecker.org setzen wir uns mit gro\u00dfem Engagement daf\u00fcr ein, dass unsere Dienste f\u00fcr alle Menschen zug\u00e4nglich sind \u2013 unabh\u00e4ngig von ihren F\u00e4higkeiten. Wir haben erhebliche Ressourcen investiert, um unsere Website inklusiv und benutzerfreundlich f\u00fcr Menschen mit Behinderungen zu gestalten. Barrierefreiheit steht im Mittelpunkt unserer Mission, denn wir glauben fest daran, Unabh\u00e4ngigkeit, Gleichberechtigung und reibungslose Nutzererfahrungen f\u00fcr alle zu f\u00f6rdern.<\/span><\/p>\n<h3><b>Ma\u00dfnahmen zur Barrierefreiheit auf<\/b><a href=\"http:\/\/www.accessibilitychecker.org\"> <b>www.accessibilitychecker.org<\/b><\/a><\/h3>\n<p><span style=\"font-weight: 400;\">Wir bem\u00fchen uns kontinuierlich, die Anforderungen der <\/span><b>Web Content Accessibility Guidelines (WCAG) 2.2<\/b><span style=\"font-weight: 400;\"> zu erf\u00fcllen \u2013 und nach M\u00f6glichkeit zu \u00fcbertreffen. Mithilfe unseres leistungsstarken Pr\u00fcf-Tools sowie manueller Kontrollen bewerten und verbessern wir regelm\u00e4\u00dfig die Barrierefreiheit von<\/span><a href=\"http:\/\/www.accessibilitychecker.org\"> <span style=\"font-weight: 400;\">www.accessibilitychecker.org<\/span><\/a><span style=\"font-weight: 400;\">.<\/span><\/p>\n<h3><b>Unser fortlaufendes Engagement f\u00fcr Verbesserungen<\/b><\/h3>\n<p><span style=\"font-weight: 400;\">AccessibilityChecker.org verpflichtet sich zu kontinuierlicher Verbesserung. Wir erkennen unsere Verantwortung und moralische Verpflichtung an, unsere Plattform so barrierefrei wie m\u00f6glich zu gestalten.<\/span><\/p>\n<p><span style=\"font-weight: 400;\">Um diesem Anspruch gerecht zu werden, <\/span><span style=\"font-weight: 400;\">\u00fcberwachen wir<\/span><span style=\"font-weight: 400;\"> unsere Website regelm\u00e4\u00dfig mit dem fortschrittlichen Scanning-Tool von Accessibility Checker, um potenzielle Barrieren zu identifizieren und zu beheben. Obwohl wir uns um vollst\u00e4ndige Konformit\u00e4t auf allen Seiten bem\u00fchen, <\/span><span style=\"font-weight: 400;\">kann es trotzdem vorkommen<\/span><span style=\"font-weight: 400;\">, dass einige Bereiche derzeit noch nicht den h\u00f6chsten Barrierefreiheitsstandards entsprechen.<\/span><\/p>\n<p><span style=\"font-weight: 400;\">Wir freuen uns \u00fcber R\u00fcckmeldungen unserer Nutzer und sind jederzeit bereit, Sie zu unterst\u00fctzen. Sollten Sie auf Barrieren sto\u00dfen oder Hilfe bei der Nutzung unserer Website ben\u00f6tigen, z\u00f6gern Sie bitte nicht, uns zu kontaktieren \u2013 wir helfen Ihnen gerne weiter.<\/span><\/p>\n<h3><b>Kontaktieren Sie uns<\/b><\/h3>\n<p><span style=\"font-weight: 400;\">Wenn Sie Fragen haben, Unterst\u00fctzung ben\u00f6tigen oder ein Barrierefreiheitsproblem melden m\u00f6chten, steht Ihnen unser Kundenservice-Team gerne zur Verf\u00fcgung:<\/span><\/p>\n<p><b>E-Mail:<\/b><span style=\"font-weight: 400;\"> support@accessibilitychecker.org<\/span><span style=\"font-weight: 400;\"><br \/>\n<\/span><span style=\"font-weight: 400;\"> Oder nutzen Sie das Formular <\/span><b>\u201eKontakt\u201c<\/b><span style=\"font-weight: 400;\"> im Fu\u00dfbereich unserer Website.<\/span><\/p>\n<p><span style=\"font-weight: 400;\">Wir sind w\u00e4hrend der \u00fcblichen Gesch\u00e4ftszeiten erreichbar und bem\u00fchen uns, Ihre Anliegen schnellstm\u00f6glich zu bearbeiten.<\/span><\/p>\n<p><b>Vielen Dank,<\/b><b> dass Sie uns bei der Schaffung einer\u00a0 barrierefreien digitalen Welt unterst\u00fctzen!<\/b><\/p>\n<\/div>\n<\/div>\n","protected":false},"excerpt":{"rendered":"<p>AccessibilityChecker.org-Erkl\u00e4rung zur Barrierefreiheit Aktualisiert: Dezember 2024 Unser Engagement f\u00fcr Barrierefreiheit<\/p>\n","protected":false},"author":2,"featured_media":0,"parent":0,"menu_order":0,"comment_status":"closed","ping_status":"closed","template":"","meta":{"_acf_changed":false,"editor_notices":[],"footnotes":""},"class_list":["post-198","page","type-page","status-publish","hentry"],"acf":[],"_links":{"self":[{"href":"https:\/\/www.accessibilitychecker.org\/de\/wp-json\/wp\/v2\/pages\/198","targetHints":{"allow":["GET"]}}],"collection":[{"href":"https:\/\/www.accessibilitychecker.org\/de\/wp-json\/wp\/v2\/pages"}],"about":[{"href":"https:\/\/www.accessibilitychecker.org\/de\/wp-json\/wp\/v2\/types\/page"}],"author":[{"embeddable":true,"href":"https:\/\/www.accessibilitychecker.org\/de\/wp-json\/wp\/v2\/users\/2"}],"replies":[{"embeddable":true,"href":"https:\/\/www.accessibilitychecker.org\/de\/wp-json\/wp\/v2\/comments?post=198"}],"version-history":[{"count":1,"href":"https:\/\/www.accessibilitychecker.org\/de\/wp-json\/wp\/v2\/pages\/198\/revisions"}],"predecessor-version":[{"id":82593,"href":"https:\/\/www.accessibilitychecker.org\/de\/wp-json\/wp\/v2\/pages\/198\/revisions\/82593"}],"wp:attachment":[{"href":"https:\/\/www.accessibilitychecker.org\/de\/wp-json\/wp\/v2\/media?parent=198"}],"curies":[{"name":"wp","href":"https:\/\/api.w.org\/{rel}","templated":true}]}}