{"id":202,"date":"2020-12-17T00:52:55","date_gmt":"2020-12-17T00:52:55","guid":{"rendered":"https:\/\/www.accessibilitychecker.org\/\/?page_id=202"},"modified":"2025-07-18T04:36:16","modified_gmt":"2025-07-18T04:36:16","slug":"privacy-policy-2","status":"publish","type":"page","link":"https:\/\/www.accessibilitychecker.org\/de\/privacy-policy-2\/","title":{"rendered":"Privacy Policy"},"content":{"rendered":"<h1><strong>Datenschutzrichtlinie<\/strong><\/h1>\n<h2><b>1. Einleitung<\/b><\/h2>\n<p><span style=\"font-weight: 400;\">Willkommen bei accessibilitychecker.org. Wir verpflichten uns, Ihre personenbezogenen Daten zu sch\u00fctzen und Ihre Privatsph\u00e4re zu respektieren. Diese Datenschutzrichtlinie erkl\u00e4rt, wie wir Ihre personenbezogenen Daten erheben, verwenden und sch\u00fctzen, in \u00dcbereinstimmung mit:<\/span><\/p>\n<ul>\n<li><span style=\"font-weight: 400;\">Datenschutz-Grundverordnung (DSGVO) (Artikel 12 &amp; 13)<\/span><\/li>\n<li>California Consumer Privacy Act (CCPA)<\/li>\n<li>Andere relevante US-Bundesstaaten-Datenschutzgesetze (z. B. Virginia VCDPA, Colorado CPA)<\/li>\n<\/ul>\n<h2><b>2. Verantwortlicher f\u00fcr die Datenverarbeitung<\/b><\/h2>\n<table class=\"t1\" cellspacing=\"0\" cellpadding=\"0\">\n<tbody>\n<tr style=\"background-color: #82b9cf;\">\n<td class=\"td1\" style=\"border-color: #000000;\" valign=\"top\"><b>Datenverantwortlicher<\/b><\/td>\n<td class=\"td2\" style=\"border-color: #000000;\" valign=\"top\"><b>Adresse:<\/b><\/td>\n<\/tr>\n<tr>\n<td class=\"td1\" valign=\"top\">\n<p class=\"p3\"><b>accessibilitychecker.org<\/b><\/p>\n<\/td>\n<td class=\"td2\" valign=\"top\">\n<p class=\"p3\">4 Peddlers Row, Newark, Delaware, 19702<\/p>\n<\/td>\n<\/tr>\n<\/tbody>\n<\/table>\n<h2><b>3. Datenverarbeitungst\u00e4tigkeiten<\/b><\/h2>\n<p><span style=\"font-weight: 400;\">Im Folgenden finden Sie eine \u00dcbersicht \u00fcber die personenbezogenen Daten, die wir erfassen, Verarbeitungszwecke, Rechtsgrundlagen, Aufbewahrungsfristen und Datenempf\u00e4nger:<\/span><\/p>\n<table style=\"width: 944px;\">\n<tbody>\n<tr>\n<td class=\"td1\" style=\"width: 145px; background-color: #82b9cf;\" valign=\"top\">\n<p class=\"p2\"><b>Verarbeitungst\u00e4tigkeit<\/b><\/p>\n<\/td>\n<td class=\"td2\" style=\"width: 211px; background-color: #82b9cf;\" valign=\"top\">\n<p class=\"p2\"><b>Zweck<\/b><\/p>\n<\/td>\n<td class=\"td3\" style=\"width: 156px; background-color: #82b9cf;\" valign=\"top\">\n<p class=\"p2\"><b>Datenkategorie<\/b><\/p>\n<\/td>\n<td class=\"td4\" style=\"width: 213px; background-color: #82b9cf;\" valign=\"top\">\n<p class=\"p2\"><b>Rechtsgrundlage (DSGVO, CCPA, CPRA<\/b><\/p>\n<\/td>\n<td class=\"td5\" style=\"width: 105px; background-color: #82b9cf;\" valign=\"top\">\n<p class=\"p2\"><b>Aufbewahrungsfrist<\/b><\/p>\n<\/td>\n<td class=\"td1\" style=\"width: 114px; background-color: #82b9cf;\" valign=\"top\">\n<p class=\"p2\"><b>Datenempf\u00e4nger<\/b><\/p>\n<\/td>\n<\/tr>\n<tr>\n<td style=\"width: 145px;\"><span style=\"font-weight: 400;\">HTTP-Anfragen \/ Antworten<\/span><\/td>\n<td style=\"width: 211px;\"><span style=\"font-weight: 400;\">Verbindung zur Website, Sicherheit, \u00dcberwachung unbefugter Zugriffe<\/span><\/td>\n<td style=\"width: 156px;\"><span style=\"font-weight: 400;\">Protokolle (IP-Adresse, URLs, Zeitstempel, User-Agent)<\/span><\/td>\n<td style=\"width: 213px;\"><span style=\"font-weight: 400;\">DSGVO: Vertrag \/ rechtl. VerpflichtungCCPA\/CPRA: Gesch\u00e4ftszweck (Sicherheit)<\/span><\/td>\n<td style=\"width: 105px;\"><span style=\"font-weight: 400;\">1 Jahr nach letzter Nutzung<\/span><\/td>\n<td style=\"width: 114px;\"><span style=\"font-weight: 400;\">Netzwerkadministrator<\/span><\/td>\n<\/tr>\n<tr>\n<td style=\"width: 145px;\"><span style=\"font-weight: 400;\">Navigation (essenzielle Cookies)<\/span><\/td>\n<td style=\"width: 211px;\"><span style=\"font-weight: 400;\">Notwendig f\u00fcr Funktionalit\u00e4t der Website<\/span><\/td>\n<td style=\"width: 156px;\"><span style=\"font-weight: 400;\">Cookies<\/span><\/td>\n<td style=\"width: 213px;\"><span style=\"font-weight: 400;\">DSGVO: VertragCCPA\/CPRA: Gesch\u00e4ftszweck (essentielle Dienste)<\/span><\/td>\n<td style=\"width: 105px;\"><span style=\"font-weight: 400;\">Laut Cookie-Banner definiert<\/span><\/td>\n<td style=\"width: 114px;\"><span style=\"font-weight: 400;\">Nicht zutreffend<\/span><\/td>\n<\/tr>\n<tr>\n<td style=\"width: 145px;\"><span style=\"font-weight: 400;\">Navigation (Analyse, Werbung)<\/span><\/td>\n<td style=\"width: 211px;\"><span style=\"font-weight: 400;\">Analyse- und Marketingzwecke<\/span><\/td>\n<td style=\"width: 156px;\"><span style=\"font-weight: 400;\">Cookies<\/span><\/td>\n<td style=\"width: 213px;\"><span style=\"font-weight: 400;\">DSGVO: EinwilligungCCPA\/CPRA: Nutzer-Opt-in<\/span><\/td>\n<td style=\"width: 105px;\"><span style=\"font-weight: 400;\">Laut Cookie-Banner definiert<\/span><\/td>\n<td style=\"width: 114px;\"><span style=\"font-weight: 400;\">Marketingteams<\/span><\/td>\n<\/tr>\n<tr>\n<td style=\"width: 145px;\"><span style=\"font-weight: 400;\">Anmeldung \/ Registrierung<\/span><\/td>\n<td style=\"width: 211px;\"><span style=\"font-weight: 400;\">Konto erstellen und verwalten<\/span><\/td>\n<td style=\"width: 156px;\"><span style=\"font-weight: 400;\">Name, E-Mail, Passwort<\/span><\/td>\n<td style=\"width: 213px;\"><span style=\"font-weight: 400;\">DSGVO: VertragCCPA\/CPRA: Gesch\u00e4ftszweck (Kontoverwaltung)<\/span><\/td>\n<td style=\"width: 105px;\"><span style=\"font-weight: 400;\">Aktives Konto + 1 Jahr<\/span><\/td>\n<td style=\"width: 114px;\"><span style=\"font-weight: 400;\">Nicht zutreffend<\/span><\/td>\n<\/tr>\n<tr>\n<td style=\"width: 145px;\"><span style=\"font-weight: 400;\">Login<\/span><\/td>\n<td style=\"width: 211px;\"><span style=\"font-weight: 400;\">Authentifizierung von Nutzern<\/span><\/td>\n<td style=\"width: 156px;\"><span style=\"font-weight: 400;\">E-Mail, Passwort<\/span><\/td>\n<td style=\"width: 213px;\"><span style=\"font-weight: 400;\">DSGVO: VertragCCPA\/CPRA: Gesch\u00e4ftszweck (Authentifizierung)<\/span><\/td>\n<td style=\"width: 105px;\"><span style=\"font-weight: 400;\">Sitzungsdauer<\/span><\/td>\n<td style=\"width: 114px;\"><span style=\"font-weight: 400;\">Nicht zutreffend<\/span><\/td>\n<\/tr>\n<tr>\n<td style=\"width: 145px;\"><span style=\"font-weight: 400;\">Kontaktformular<\/span><\/td>\n<td style=\"width: 211px;\"><span style=\"font-weight: 400;\">Beantwortung von Anfragen<\/span><\/td>\n<td style=\"width: 156px;\"><span style=\"font-weight: 400;\">Name, E-Mail<\/span><\/td>\n<td style=\"width: 213px;\"><span style=\"font-weight: 400;\">DSGVO: EinwilligungCCPA\/CPRA: Gesch\u00e4ftszweck (Kundensupport)<\/span><\/td>\n<td style=\"width: 105px;\"><span style=\"font-weight: 400;\">Bis zur Erledigung der Anfrage<\/span><\/td>\n<td style=\"width: 114px;\"><span style=\"font-weight: 400;\">Marketingteams<\/span><\/td>\n<\/tr>\n<\/tbody>\n<\/table>\n<p><span style=\"font-weight: 400;\">Hinweis: Alle Daten werden direkt von den Nutzern erhoben, nicht von Dritten.<\/span><\/p>\n<h2><\/h2>\n<h2><b>4. Sicherheitsma\u00dfnahmen<\/b><\/h2>\n<p><span style=\"font-weight: 400;\">Wir setzen starke Sicherheitskontrollen ein, um Ihre Daten zu sch\u00fctzen.<\/span><\/p>\n<table style=\"width: 769px;\">\n<tbody>\n<tr style=\"background-color: #82b9cf;\">\n<td class=\"td1\" style=\"width: 244px;\" valign=\"top\">\n<p class=\"p1\"><b>Sicherheitsma\u00dfnahme<\/b><\/p>\n<\/td>\n<td class=\"td2\" style=\"width: 525px;\" valign=\"top\">\n<p class=\"p1\"><b>Beschreibung<\/b><\/p>\n<\/td>\n<\/tr>\n<tr>\n<td style=\"width: 244px;\"><span style=\"font-weight: 400;\">SSL\/TLS-Verschl\u00fcsselung<\/span><\/td>\n<td style=\"width: 525px;\"><span style=\"font-weight: 400;\">TLS 1.3 &amp; 1.2, Bewertung A+ bei SSL Labs<\/span><\/td>\n<\/tr>\n<tr>\n<td style=\"width: 244px;\"><span style=\"font-weight: 400;\">Vertrauensw\u00fcrdige CA-Zertifikate<\/span><\/td>\n<td style=\"width: 525px;\"><span style=\"font-weight: 400;\">Pr\u00fcfung durch vertrauensw\u00fcrdige Zertifizierungsstelle<\/span><\/td>\n<\/tr>\n<tr>\n<td style=\"width: 244px;\"><span style=\"font-weight: 400;\">HSTS-Implementierung<\/span><\/td>\n<td style=\"width: 525px;\"><span style=\"font-weight: 400;\">Erzwingt HTTPS-Verbindungen<\/span><\/td>\n<\/tr>\n<tr>\n<td style=\"width: 244px;\"><span style=\"font-weight: 400;\">Cloudflare DDoS-Schutz<\/span><\/td>\n<td style=\"width: 525px;\"><span style=\"font-weight: 400;\">Schutz vor Cyberangriffen<\/span><\/td>\n<\/tr>\n<tr>\n<td style=\"width: 244px;\"><span style=\"font-weight: 400;\">Passwort-Richtlinie<\/span><\/td>\n<td style=\"width: 525px;\"><span style=\"font-weight: 400;\">Mindestl\u00e4nge 10 Zeichen, Gro\u00df-\/Kleinbuchstaben, Zahlen, Sonderzeichen<\/span><\/td>\n<\/tr>\n<tr>\n<td style=\"width: 244px;\"><span style=\"font-weight: 400;\">Hosting nach ISO 27001<\/span><\/td>\n<td style=\"width: 525px;\"><span style=\"font-weight: 400;\">Infrastruktur gehostet von Hetzner<\/span><\/td>\n<\/tr>\n<\/tbody>\n<\/table>\n<p><\/br><\/p>\n<h2><b>5. Empf\u00e4nger &amp; Daten\u00fcbermittlungen an Dritte<\/b><\/h2>\n<p><span style=\"font-weight: 400;\">Ihre Daten k\u00f6nnen von folgenden Drittanbietern verarbeitet werden, die DSGVO-konform sind oder unter dem Data Privacy Framework (DPF) zertifiziert sind:<\/span><\/p>\n<table style=\"width: 584px;\">\n<tbody>\n<tr>\n<td class=\"td1\" style=\"background-color: #82b9cf; width: 211px;\" valign=\"top\">\n<p class=\"p1\"><b>Anbieter<\/b><\/p>\n<\/td>\n<td class=\"td2\" style=\"background-color: #82b9cf; width: 131px;\" valign=\"top\">\n<p class=\"p1\"><b>Sitz<\/b><\/p>\n<\/td>\n<td class=\"td3\" style=\"background-color: #82b9cf; width: 242px;\" valign=\"top\">\n<p class=\"p1\"><b>Compliance-Status<\/b><\/p>\n<\/td>\n<\/tr>\n<tr>\n<td style=\"width: 211px;\"><span style=\"font-weight: 400;\">CookieFirst<\/span><\/td>\n<td style=\"width: 131px;\"><span style=\"font-weight: 400;\">Niederlande (EU)<\/span><\/td>\n<td style=\"width: 242px;\"><span style=\"font-weight: 400;\">DSGVO-konform<\/span><\/td>\n<\/tr>\n<tr>\n<td style=\"width: 211px;\"><span style=\"font-weight: 400;\">Hetzner<\/span><\/td>\n<td style=\"width: 131px;\"><span style=\"font-weight: 400;\">Deutschland (EU)<\/span><\/td>\n<td style=\"width: 242px;\"><span style=\"font-weight: 400;\">DSGVO-konform (ISO 27001)<\/span><\/td>\n<\/tr>\n<tr>\n<td style=\"width: 211px;\"><span style=\"font-weight: 400;\">Automattic (WordPress.com)<\/span><\/td>\n<td style=\"width: 131px;\"><span style=\"font-weight: 400;\">USA<\/span><\/td>\n<td style=\"width: 242px;\"><span style=\"font-weight: 400;\">DPF-zertifiziert<\/span><\/td>\n<\/tr>\n<tr>\n<td style=\"width: 211px;\"><span style=\"font-weight: 400;\">Google (YouTube)<\/span><\/td>\n<td style=\"width: 131px;\"><span style=\"font-weight: 400;\">USA<\/span><\/td>\n<td style=\"width: 242px;\"><span style=\"font-weight: 400;\">DPF-zertifiziert<\/span><\/td>\n<\/tr>\n<tr>\n<td style=\"width: 211px;\"><span style=\"font-weight: 400;\">Cloudflare<\/span><\/td>\n<td style=\"width: 131px;\"><span style=\"font-weight: 400;\">USA<\/span><\/td>\n<td style=\"width: 242px;\"><span style=\"font-weight: 400;\">DPF-zertifiziert (mit EU-Pr\u00e4senz)<\/span><\/td>\n<\/tr>\n<\/tbody>\n<\/table>\n<h2><\/h2>\n<h2><b>6. Ihre Rechte gem\u00e4\u00df DSGVO, CCPA\/CPRA &amp; weiteren Datenschutzgesetzen<\/b><\/h2>\n<p><span style=\"font-weight: 400;\">Sie haben folgende Rechte bez\u00fcglich Ihrer personenbezogenen Daten:<\/span><\/p>\n<p><span style=\"font-weight: 400;\">\u2714 Auskunftsrecht<\/span><span style=\"font-weight: 400;\"><br \/>\n<\/span><span style=\"font-weight: 400;\"> \u2714 Recht auf Berichtigung<\/span><span style=\"font-weight: 400;\"><br \/>\n<\/span><span style=\"font-weight: 400;\"> \u2714 Recht auf L\u00f6schung<\/span><span style=\"font-weight: 400;\"><br \/>\n<\/span><span style=\"font-weight: 400;\"> \u2714 Recht auf Einschr\u00e4nkung der Verarbeitung<\/span><span style=\"font-weight: 400;\"><br \/>\n<\/span><span style=\"font-weight: 400;\"> \u2714 Recht auf Daten\u00fcbertragbarkeit<\/span><span style=\"font-weight: 400;\"><br \/>\n<\/span><span style=\"font-weight: 400;\"> \u2714 Widerspruchsrecht<\/span><span style=\"font-weight: 400;\"><br \/>\n<\/span><span style=\"font-weight: 400;\"> \u2714 Recht auf Widerruf der Einwilligung<\/span><span style=\"font-weight: 400;\"><br \/>\n<\/span><span style=\"font-weight: 400;\"> \u2714 Recht auf Information<\/span><span style=\"font-weight: 400;\"><br \/>\n<\/span><span style=\"font-weight: 400;\"> \u2714 Recht auf Korrektur<\/span><span style=\"font-weight: 400;\"><br \/>\n<\/span><span style=\"font-weight: 400;\"> \u2714 Recht auf Opt-out beim Verkauf oder Teilen von Daten<\/span><span style=\"font-weight: 400;\"><br \/>\n<\/span><span style=\"font-weight: 400;\"> \u2714 Recht auf Einschr\u00e4nkung bei sensiblen Daten<\/span><span style=\"font-weight: 400;\"><br \/>\n<\/span><span style=\"font-weight: 400;\"> \u2714 Recht auf Nichtdiskriminierung<\/span><\/p>\n<p><span style=\"font-weight: 400;\">Hinweis: Auf dieser Website finden keine automatisierten Entscheidungen oder Profilbildungen statt.<\/span><\/p>\n<p><span style=\"font-weight: 400;\">Zur Aus\u00fcbung Ihrer Rechte kontaktieren Sie uns bitte unter support@accessibilitychecker.org.<\/span><\/p>\n<h2><b>7. Kein Verkauf oder Teilen personenbezogener Daten<\/b><\/h2>\n<p><span style=\"font-weight: 400;\">\u2714 Wir verkaufen oder teilen keine personenbezogenen Daten gem\u00e4\u00df CCPA\/CPRA. Wir verarbeiten Daten nur f\u00fcr:<\/span><\/p>\n<ul>\n<li style=\"font-weight: 400;\" aria-level=\"1\"><span style=\"font-weight: 400;\">essentielle Dienste<\/span><\/li>\n<li style=\"font-weight: 400;\" aria-level=\"1\"><span style=\"font-weight: 400;\">Analysezwecke<\/span><\/li>\n<li style=\"font-weight: 400;\" aria-level=\"1\"><span style=\"font-weight: 400;\">Sicherheit<\/span><\/li>\n<li style=\"font-weight: 400;\" aria-level=\"1\"><span style=\"font-weight: 400;\">durch Nutzer initiierte Aktionen<\/span><\/li>\n<\/ul>\n<p><b>So verwalten Sie Ihre Datenschutzeinstellungen:<\/b><\/p>\n<p><span style=\"font-weight: 400;\">Sie k\u00f6nnen Cookies und Tracking \u00fcber das bei Website-Aufruf angezeigte Cookie-Banner anpassen.<\/span><\/p>\n<h2><b>8. Recht auf Beschwerde<\/b><\/h2>\n<p><span style=\"font-weight: 400;\">\u2714 <\/span><b>DSGVO-Beschwerden:<\/b><span style=\"font-weight: 400;\"> An Ihre zust\u00e4ndige Datenschutzbeh\u00f6rde im EWR:<\/span><span style=\"font-weight: 400;\"><br \/>\n<\/span><a href=\"https:\/\/www.edpb.europa.eu\/about-edpb\/about-edpb\/members_en\" target=\"_blank\" rel=\"noopener\"> <span style=\"font-weight: 400;\">https:\/\/www.edpb.europa.eu\/about-edpb\/about-edpb\/members_en<\/span><\/a><\/p>\n<p class=\"p1\"><span style=\"font-weight: 400;\">\u2714 <\/span><b>CCPA\/CPRA-Beschwerden:<\/b><span style=\"font-weight: 400;\"> Kalifornische Nutzer k\u00f6nnen sich an die California Privacy Protection Agency (CPPA) wenden:<\/span><span style=\"font-weight: 400;\"><br \/>\n<\/span><a href=\"https:\/\/cppa.ca.gov\/\" target=\"_blank\" rel=\"noopener\"> <span style=\"font-weight: 400;\">https:\/\/cppa.ca.gov\/<\/span><\/a><\/p>\n<h2><b>9. Pflichtdaten &amp; Folgen der Nichtbereitstellung<\/b><\/h2>\n<table style=\"width: 614px;\">\n<tbody>\n<tr style=\"height: 56px;\">\n<td class=\"td1\" style=\"background-color: #82b9cf; height: 56px; width: 286px;\" valign=\"top\">\n<p class=\"p1\"><b>Ben\u00f6tigte Daten<\/b><\/p>\n<\/td>\n<td class=\"td1\" style=\"background-color: #82b9cf; height: 56px; width: 328px;\" valign=\"top\">\n<p class=\"p1\"><b>Folgen der Nichtbereitstellung<\/b><\/p>\n<\/td>\n<\/tr>\n<tr>\n<td style=\"width: 286px;\"><span style=\"font-weight: 400;\">IP-Adresse &amp; Logs<\/span><\/td>\n<td style=\"width: 328px;\"><span style=\"font-weight: 400;\">Kein Zugriff auf die Website m\u00f6glich<\/span><\/td>\n<\/tr>\n<tr>\n<td style=\"width: 286px;\"><span style=\"font-weight: 400;\">Kontoinformationen (E-Mail, Passwort)<\/span><\/td>\n<td style=\"width: 328px;\"><span style=\"font-weight: 400;\">Keine Registrierung oder Anmeldung m\u00f6glich<\/span><\/td>\n<\/tr>\n<tr>\n<td style=\"width: 286px;\"><span style=\"font-weight: 400;\">Kontaktdaten (Name, E-Mail)<\/span><\/td>\n<td style=\"width: 328px;\"><span style=\"font-weight: 400;\">Keine Beantwortung Ihrer Anfrage m\u00f6glich<\/span><\/td>\n<\/tr>\n<\/tbody>\n<\/table>\n<h2><b>10. Cookies &amp; Tracking-Technologien<\/b><\/h2>\n<p><span style=\"font-weight: 400;\">Alle Informationen zu Cookies, deren Zweck und Speicherdauer finden Sie im Cookie-Banner auf unserer Website.<\/span><\/p>\n<h2><b>11. Datenschutz f\u00fcr Kinder &amp; Altersbeschr\u00e4nkungen<\/b><\/h2>\n<p><span style=\"font-weight: 400;\">Unsere Website ist nicht f\u00fcr die Nutzung durch Minderj\u00e4hrige unter 16 Jahren vorgesehen.<\/span><\/p>\n<p><span style=\"font-weight: 400;\">\u2714 <\/span><b>DSGVO:<\/b><span style=\"font-weight: 400;\"> Kinder unter 16 Jahren d\u00fcrfen unsere Website nur mit nachweislicher elterlicher Zustimmung nutzen (Art. 8 DSGVO).<\/span><span style=\"font-weight: 400;\"><br \/>\n<\/span><span style=\"font-weight: 400;\"> \u2714 <\/span><b>CCPA\/CPRA:<\/b><span style=\"font-weight: 400;\"> Wir erfassen wissentlich keine Daten von Kindern unter 13 Jahren.<\/span><\/p>\n<p><span style=\"font-weight: 400;\">Falls wir versehentlich Daten von Minderj\u00e4hrigen ohne Zustimmung erhoben haben, werden diese umgehend gel\u00f6scht.<\/span><\/p>\n<h2><b>12. Aktualisierungen &amp; Kontakt<\/b><\/h2>\n<p><span style=\"font-weight: 400;\">Diese Datenschutzrichtlinie kann gelegentlich aktualisiert werden. Wesentliche \u00c4nderungen werden per E-Mail oder Hinweis auf der Website mitgeteilt.<\/span><\/p>\n<p class=\"p1\"><b>Unternehmen:<\/b><span style=\"font-weight: 400;\"> accessibilitychecker.org<\/span><span style=\"font-weight: 400;\"><br \/>\n<\/span> <b>Adresse:<\/b><span style=\"font-weight: 400;\"> 4 Peddlers Row, Newark, Delaware, 19702<\/span><span style=\"font-weight: 400;\"><br \/>\n<\/span> <b>E-Mail:<\/b><span style=\"font-weight: 400;\"> support@accessibilitychecker.org<\/span><\/p>\n","protected":false},"excerpt":{"rendered":"<p>Datenschutzrichtlinie 1. Einleitung Willkommen bei accessibilitychecker.org. Wir verpflichten uns, Ihre<\/p>\n","protected":false},"author":2,"featured_media":0,"parent":0,"menu_order":0,"comment_status":"closed","ping_status":"closed","template":"","meta":{"_acf_changed":false,"editor_notices":[],"footnotes":""},"class_list":["post-202","page","type-page","status-publish","hentry"],"acf":[],"_links":{"self":[{"href":"https:\/\/www.accessibilitychecker.org\/de\/wp-json\/wp\/v2\/pages\/202","targetHints":{"allow":["GET"]}}],"collection":[{"href":"https:\/\/www.accessibilitychecker.org\/de\/wp-json\/wp\/v2\/pages"}],"about":[{"href":"https:\/\/www.accessibilitychecker.org\/de\/wp-json\/wp\/v2\/types\/page"}],"author":[{"embeddable":true,"href":"https:\/\/www.accessibilitychecker.org\/de\/wp-json\/wp\/v2\/users\/2"}],"replies":[{"embeddable":true,"href":"https:\/\/www.accessibilitychecker.org\/de\/wp-json\/wp\/v2\/comments?post=202"}],"version-history":[{"count":12,"href":"https:\/\/www.accessibilitychecker.org\/de\/wp-json\/wp\/v2\/pages\/202\/revisions"}],"predecessor-version":[{"id":82590,"href":"https:\/\/www.accessibilitychecker.org\/de\/wp-json\/wp\/v2\/pages\/202\/revisions\/82590"}],"wp:attachment":[{"href":"https:\/\/www.accessibilitychecker.org\/de\/wp-json\/wp\/v2\/media?parent=202"}],"curies":[{"name":"wp","href":"https:\/\/api.w.org\/{rel}","templated":true}]}}