{"id":4221,"date":"2021-08-09T13:56:52","date_gmt":"2021-08-09T13:56:52","guid":{"rendered":"https:\/\/www.accessibilitychecker.org\/?page_id=4221"},"modified":"2025-08-26T12:27:37","modified_gmt":"2025-08-26T12:27:37","slug":"advertiser-disclosure","status":"publish","type":"page","link":"https:\/\/www.accessibilitychecker.org\/de\/advertiser-disclosure\/","title":{"rendered":"Advertiser Disclosure"},"content":{"rendered":"<div>\n<div>\n<h1><span style=\"font-weight: 400;\">Offenlegung durch Werbetreibende<\/span><\/h1>\n<p><span style=\"font-weight: 400;\">Wir sind eine kostenlose Online-Ressource, die hilfreiche Inhalte sowie Bewertungen von Funktionen zur Barrierefreiheit von Websites anbietet. Die Informationen auf dieser Website beziehen sich darauf, wie Webseiten f\u00fcr Menschen mit Behinderungen zug\u00e4nglich gemacht werden k\u00f6nnen. Diese Website wurde speziell entwickelt, um ihre Nutzer dabei zu unterst\u00fctzen, fundierte und informierte Entscheidungen in Bezug auf ihre eigenen Websites zu treffen.<\/span><\/p>\n<p><span style=\"font-weight: 400;\">Die auf dieser Website bereitgestellten Informationen basieren auf sorgf\u00e4ltiger Recherche. Bitte beachten Sie, dass wir uns zwar bem\u00fchen, genaue und aktuelle Daten bereitzustellen, die hier ver\u00f6ffentlichten Inhalte jedoch <\/span><b>keine rechtliche oder professionelle Beratung<\/b><span style=\"font-weight: 400;\"> darstellen.<\/span><\/p>\n<p><span style=\"font-weight: 400;\">Dar\u00fcber hinaus m\u00f6chten wir darauf hinweisen<\/span><span style=\"font-weight: 400;\">, dass der Betreiber dieser Website m\u00f6glicherweise eine Verg\u00fctung von Unternehmen erh\u00e4lt, die <\/span><span style=\"font-weight: 400;\">hier vertreten sind<\/span><span style=\"font-weight: 400;\">. Dies kann die Reihenfolge und Platzierung <\/span><span style=\"font-weight: 400;\">dieser Unternehmen<\/span><span style=\"font-weight: 400;\"> beeinflussen. Die Aufnahme eines Unternehmens auf unserer <\/span><span style=\"font-weight: 400;\">Plattform<\/span><span style=\"font-weight: 400;\"> stellt <\/span><b>keine Empfehlung<\/b><span style=\"font-weight: 400;\"> dar, und wir pr\u00e4sentieren <\/span><b>nicht alle Anbieter<\/b><span style=\"font-weight: 400;\">, die auf dem Markt verf\u00fcgbar sind.<\/span><\/p>\n<p><span style=\"font-weight: 400;\">Soweit nicht ausdr\u00fccklich in unseren Nutzungsbedingungen geregelt, lehnen wir s\u00e4mtliche Gew\u00e4hrleistungen und Zusicherungen in Bezug auf die hier dargestellten Informationen ab. Bitte beachten Sie, dass sich die auf dieser Website ver\u00f6ffentlichten Inhalte jederzeit und nach unserem alleinigen Ermessen \u00e4ndern k\u00f6nnen.<\/span><\/p>\n<\/div>\n<\/div>\n","protected":false},"excerpt":{"rendered":"<p>Offenlegung durch Werbetreibende Wir sind eine kostenlose Online-Ressource, die hilfreiche<\/p>\n","protected":false},"author":2,"featured_media":0,"parent":0,"menu_order":0,"comment_status":"closed","ping_status":"closed","template":"","meta":{"_acf_changed":false,"editor_notices":[],"footnotes":""},"class_list":["post-4221","page","type-page","status-publish","hentry"],"acf":[],"_links":{"self":[{"href":"https:\/\/www.accessibilitychecker.org\/de\/wp-json\/wp\/v2\/pages\/4221","targetHints":{"allow":["GET"]}}],"collection":[{"href":"https:\/\/www.accessibilitychecker.org\/de\/wp-json\/wp\/v2\/pages"}],"about":[{"href":"https:\/\/www.accessibilitychecker.org\/de\/wp-json\/wp\/v2\/types\/page"}],"author":[{"embeddable":true,"href":"https:\/\/www.accessibilitychecker.org\/de\/wp-json\/wp\/v2\/users\/2"}],"replies":[{"embeddable":true,"href":"https:\/\/www.accessibilitychecker.org\/de\/wp-json\/wp\/v2\/comments?post=4221"}],"version-history":[{"count":1,"href":"https:\/\/www.accessibilitychecker.org\/de\/wp-json\/wp\/v2\/pages\/4221\/revisions"}],"predecessor-version":[{"id":82594,"href":"https:\/\/www.accessibilitychecker.org\/de\/wp-json\/wp\/v2\/pages\/4221\/revisions\/82594"}],"wp:attachment":[{"href":"https:\/\/www.accessibilitychecker.org\/de\/wp-json\/wp\/v2\/media?parent=4221"}],"curies":[{"name":"wp","href":"https:\/\/api.w.org\/{rel}","templated":true}]}}